{"id":2624,"date":"2025-03-20T17:48:27","date_gmt":"2025-03-20T16:48:27","guid":{"rendered":"https:\/\/zakari.store\/?post_type=product&#038;p=2624"},"modified":"2026-04-02T21:02:29","modified_gmt":"2026-04-02T19:02:29","slug":"zakari-leather-bag-sesy","status":"publish","type":"product","link":"https:\/\/zakari.store\/de\/produkt\/zakari-leather-bag-sesy\/","title":{"rendered":"Ledertasche SESY"},"content":{"rendered":"<div class=\"wpb-content-wrapper\"><div class=\"vc_row wpb_row vc_row-fluid\"><div class=\"wpb_column vc_column_container vc_col-sm-12\"><div class=\"vc_column-inner\"><div class=\"wpb_wrapper\">\n\t<div class=\"wpb_text_column wpb_content_element\" >\n\t\t<div class=\"wpb_wrapper\">\n\t\t\t<article class=\"group\/turn w-full text-token-text-primary focus-visible:outline-2 focus-visible:outline-offset-&#091;-4px&#093;\" dir=\"auto\" data-testid=\"conversation-turn-8\" data-scroll-anchor=\"false\">\n<div class=\"text-base my-auto mx-auto py-&#091;18px&#093; px-6\">\n<div class=\"mx-auto flex flex-1 text-base gap-4 md:gap-5 lg:gap-6 md:max-w-3xl lg:max-w-&#091;40rem&#093; xl:max-w-&#091;48rem&#093;\">\n<div class=\"group\/conversation-turn relative flex w-full min-w-0 flex-col agent-turn @xs\/thread:px-0 @sm\/thread:px-1.5 @md\/thread:px-4\">\n<div class=\"flex-col gap-1 md:gap-3\">\n<div class=\"flex max-w-full flex-col flex-grow\">\n<div class=\"min-h-8 text-message relative flex w-full flex-col items-end gap-2 whitespace-normal break-words text-start &#091;.text-message+&amp;&#093;:mt-5\" dir=\"auto\" data-message-author-role=\"assistant\" data-message-id=\"be9e8172-86c3-416a-b171-08cc60115181\" data-message-model-slug=\"gpt-4o\">\n<div class=\"flex w-full flex-col gap-1 empty:hidden first:pt-&#091;3px&#093;\">\n<div class=\"markdown prose w-full break-words dark:prose-invert light\">\n<p data-start=\"2162\" data-end=\"2266\">\n<\/div>\n<\/div>\n<\/div>\n<\/div>\n<\/div>\n<\/div>\n<\/div>\n<\/div>\n<\/article>\n<article class=\"group\/turn w-full text-token-text-primary focus-visible:outline-2 focus-visible:outline-offset-&#091;-4px&#093;\" dir=\"auto\" data-testid=\"conversation-turn-10\" data-scroll-anchor=\"true\">\n<div class=\"text-base my-auto mx-auto py-&#091;18px&#093; px-6\">\n<div class=\"mx-auto flex flex-1 text-base gap-4 md:gap-5 lg:gap-6 md:max-w-3xl lg:max-w-&#091;40rem&#093; xl:max-w-&#091;48rem&#093;\">\n<div class=\"group\/conversation-turn relative flex w-full min-w-0 flex-col agent-turn @xs\/thread:px-0 @sm\/thread:px-1.5 @md\/thread:px-4\">\n<div class=\"flex-col gap-1 md:gap-3\">\n<div class=\"flex max-w-full flex-col flex-grow\">\n<div class=\"min-h-8 text-message relative flex w-full flex-col items-end gap-2 whitespace-normal break-words text-start &#091;.text-message+&amp;&#093;:mt-5\" dir=\"auto\" data-message-author-role=\"assistant\" data-message-id=\"81b6ef97-3b91-4962-a21f-15bc6e68855d\" data-message-model-slug=\"gpt-4o\">\n<div class=\"flex w-full flex-col gap-1 empty:hidden first:pt-&#091;3px&#093;\">\n<div class=\"markdown prose w-full break-words dark:prose-invert light\">\n<h3 data-start=\"540\" data-end=\"561\">Produktdetails<\/h3>\n<p>Material: Hochwertiges echtes Leder au\u00dfen mit einem robusten Stofffutter.<br \/>\nFarben: Erh\u00e4ltlich in klassischem Creme und Schwarz, ideal f\u00fcr m\u00fcheloses Styling.<br \/>\nAbmessungen: Breite 24 cm x H\u00f6he 15 cm \u2013 kompakt, aber ger\u00e4umig genug f\u00fcr Ihre t\u00e4glichen Essentials (Telefon, Geldb\u00f6rse, Schl\u00fcssel, etc.).<br \/>\nVerschluss: Sichere Rei\u00dfverschluss\u00f6ffnung f\u00fcr zus\u00e4tzlichen Schutz.<br \/>\nTrageriemen: Verstellbarer Schulterriemen f\u00fcr individuellen Komfort und Passform.<br \/>\nDesign: Klare Linien und eine elegante Silhouette, perfekt f\u00fcr den Alltag sowie besondere Anl\u00e4sse.<\/p>\n<hr data-start=\"1192\" data-end=\"1195\" \/>\n<h3 data-start=\"1197\" data-end=\"1220\">Warum ZAKARI w\u00e4hlen?<\/h3>\n<p data-start=\"1221\" data-end=\"1650\">Based in Germany, ZAKARI is dedicated to delivering premium-quality leather accessories. Every bag is thoughtfully designed and carefully constructed from selected materials, following strict quality standards. Choosing ZAKARI means investing in an accessory that offers practicality, durability, and timeless sophistication\u2014ideal for enhancing your everyday style.<\/p>\n<hr data-start=\"1652\" data-end=\"1655\" \/>\n<h3 data-start=\"1657\" data-end=\"1680\">Pflegehinweise<\/h3>\n<p data-start=\"1681\" data-end=\"1747\">Um die Sch\u00f6nheit und Langlebigkeit Ihrer ZAKARI Ledertasche zu bewahren:<\/p>\n<ul data-start=\"1748\" data-end=\"2154\">\n<li data-start=\"1748\" data-end=\"1812\">Reinigen Sie das Leder\u00e4u\u00dfere mit einem weichen, leicht feuchten Tuch.<\/li>\n<li data-start=\"1813\" data-end=\"1888\">Vermeiden Sie aggressive Chemikalien oder Reinigungsmittel, die das Leder besch\u00e4digen k\u00f6nnten.<\/li>\n<li data-start=\"1889\" data-end=\"1979\">Bewahren Sie die Tasche an einem k\u00fchlen, trockenen Ort auf \u2013 idealerweise im mitgelieferten Stoffschutzbeutel.<\/li>\n<li data-start=\"1980\" data-end=\"2048\">Sch\u00fctzen Sie die Tasche vor direkter Sonneneinstrahlung und anhaltender Feuchtigkeit.<\/li>\n<li data-start=\"2049\" data-end=\"2154\">Das Innenfutter aus Stoff kann vorsichtig mit einer weichen B\u00fcrste oder einem Handstaubsauger auf niedriger Stufe gereinigt werden.<\/li>\n<\/ul>\n<hr data-start=\"2156\" data-end=\"2159\" \/>\n<p data-start=\"2161\" data-end=\"2254\"><strong data-start=\"2161\" data-end=\"2254\">ZAKARI \u2013 F\u00fcr Frauen, die Qualit\u00e4t, Funktionalit\u00e4t und zeitlose Eleganz zu sch\u00e4tzen wissen.<\/strong><\/p>\n<\/div>\n<\/div>\n<\/div>\n<\/div>\n<\/div>\n<\/div>\n<\/div>\n<\/div>\n<\/article>\n<p>\u00a0<\/p>\n\n\t\t<\/div>\n\t<\/div>\n<\/div><\/div><\/div><\/div>\n<\/div>","protected":false},"excerpt":{"rendered":"<p data-start=\"207\" data-end=\"537\">Entdecken Sie zeitlose Eleganz und allt\u00e4gliche Praktikabilit\u00e4t mit der ZAKARI Lederschultertasche.\nEntwickelt f\u00fcr die moderne Frau, die sowohl Stil als auch Funktionalit\u00e4t sch\u00e4tzt, ist dieses kompakte Accessoire perfekt f\u00fcr jede Gelegenheit \u2013 von gesch\u00e4ftigen Wochentagen bis hin zu Abendveranstaltungen. Ihr minimalistisch-aber-elegantes Design macht sie zu einem vielseitigen St\u00fcck f\u00fcr jede Garderobe.<\/p>","protected":false},"featured_media":10515,"comment_status":"open","ping_status":"closed","template":"","meta":[],"product_brand":[],"product_cat":[30],"product_tag":[],"class_list":{"0":"post-2624","1":"product","2":"type-product","3":"status-publish","4":"has-post-thumbnail","6":"product_cat-womens-bags","8":"first","9":"instock","10":"shipping-taxable","11":"purchasable","12":"product-type-variable"},"yoast_head":"<!-- This site is optimized with the Yoast SEO plugin v27.3 - https:\/\/yoast.com\/product\/yoast-seo-wordpress\/ -->\n<title>Leather Bag SESY - ZAKARI<\/title>\n<meta name=\"description\" content=\"Discover the Zakari Leather Bag SESY \u2014 handcrafted genuine leather design with adjustable strap, elegant shape, and timeless everyday sophistication.\" \/>\n<meta name=\"robots\" content=\"index, follow, max-snippet:-1, max-image-preview:large, max-video-preview:-1\" \/>\n<link rel=\"canonical\" href=\"https:\/\/zakari.store\/de\/produkt\/zakari-leather-bag-sesy\/\" \/>\n<meta property=\"og:locale\" content=\"de_DE\" \/>\n<meta property=\"og:type\" content=\"article\" \/>\n<meta property=\"og:title\" content=\"Leather Bag SESY - ZAKARI\" \/>\n<meta property=\"og:description\" content=\"Discover the Zakari Leather Bag SESY \u2014 handcrafted genuine leather design with adjustable strap, elegant shape, and timeless everyday sophistication.\" \/>\n<meta property=\"og:url\" content=\"https:\/\/zakari.store\/de\/produkt\/zakari-leather-bag-sesy\/\" \/>\n<meta property=\"og:site_name\" content=\"ZAKARI\" \/>\n<meta property=\"article:modified_time\" content=\"2026-04-02T19:02:29+00:00\" \/>\n<meta property=\"og:image\" content=\"https:\/\/zakari.store\/wp-content\/uploads\/2025\/03\/Leather-Bag-SESY.jpg\" \/>\n\t<meta property=\"og:image:width\" content=\"1000\" \/>\n\t<meta property=\"og:image:height\" content=\"1250\" \/>\n\t<meta property=\"og:image:type\" content=\"image\/jpeg\" \/>\n<meta name=\"twitter:card\" content=\"summary_large_image\" \/>\n<meta name=\"twitter:label1\" content=\"Gesch\u00e4tzte Lesezeit\" \/>\n\t<meta name=\"twitter:data1\" content=\"2\u00a0Minuten\" \/>\n<script type=\"application\/ld+json\" class=\"yoast-schema-graph\">{\"@context\":\"https:\\\/\\\/schema.org\",\"@graph\":[{\"@type\":\"WebPage\",\"@id\":\"https:\\\/\\\/zakari.store\\\/product\\\/zakari-leather-bag-sesy\\\/\",\"url\":\"https:\\\/\\\/zakari.store\\\/product\\\/zakari-leather-bag-sesy\\\/\",\"name\":\"Leather Bag SESY - ZAKARI\",\"isPartOf\":{\"@id\":\"https:\\\/\\\/zakari.store\\\/#website\"},\"primaryImageOfPage\":{\"@id\":\"https:\\\/\\\/zakari.store\\\/product\\\/zakari-leather-bag-sesy\\\/#primaryimage\"},\"image\":{\"@id\":\"https:\\\/\\\/zakari.store\\\/product\\\/zakari-leather-bag-sesy\\\/#primaryimage\"},\"thumbnailUrl\":\"https:\\\/\\\/zakari.store\\\/wp-content\\\/uploads\\\/2025\\\/03\\\/Leather-Bag-SESY.jpg\",\"datePublished\":\"2025-03-20T16:48:27+00:00\",\"dateModified\":\"2026-04-02T19:02:29+00:00\",\"description\":\"Discover the Zakari Leather Bag SESY \u2014 handcrafted genuine leather design with adjustable strap, elegant shape, and timeless everyday sophistication.\",\"breadcrumb\":{\"@id\":\"https:\\\/\\\/zakari.store\\\/product\\\/zakari-leather-bag-sesy\\\/#breadcrumb\"},\"inLanguage\":\"de\",\"potentialAction\":[{\"@type\":\"ReadAction\",\"target\":[\"https:\\\/\\\/zakari.store\\\/product\\\/zakari-leather-bag-sesy\\\/\"]}]},{\"@type\":\"ImageObject\",\"inLanguage\":\"de\",\"@id\":\"https:\\\/\\\/zakari.store\\\/product\\\/zakari-leather-bag-sesy\\\/#primaryimage\",\"url\":\"https:\\\/\\\/zakari.store\\\/wp-content\\\/uploads\\\/2025\\\/03\\\/Leather-Bag-SESY.jpg\",\"contentUrl\":\"https:\\\/\\\/zakari.store\\\/wp-content\\\/uploads\\\/2025\\\/03\\\/Leather-Bag-SESY.jpg\",\"width\":1000,\"height\":1250,\"caption\":\"Leather Bag SESY\"},{\"@type\":\"BreadcrumbList\",\"@id\":\"https:\\\/\\\/zakari.store\\\/product\\\/zakari-leather-bag-sesy\\\/#breadcrumb\",\"itemListElement\":[{\"@type\":\"ListItem\",\"position\":1,\"name\":\"Home\",\"item\":\"https:\\\/\\\/zakari.store\\\/\"},{\"@type\":\"ListItem\",\"position\":2,\"name\":\"Shop\",\"item\":\"https:\\\/\\\/zakari.store\\\/shop\\\/\"},{\"@type\":\"ListItem\",\"position\":3,\"name\":\"Leather Bag SESY\"}]},{\"@type\":\"WebSite\",\"@id\":\"https:\\\/\\\/zakari.store\\\/#website\",\"url\":\"https:\\\/\\\/zakari.store\\\/\",\"name\":\"ZAKARI\",\"description\":\"Step Into Our World\",\"publisher\":{\"@id\":\"https:\\\/\\\/zakari.store\\\/#organization\"},\"alternateName\":\"zakari.store\",\"potentialAction\":[{\"@type\":\"SearchAction\",\"target\":{\"@type\":\"EntryPoint\",\"urlTemplate\":\"https:\\\/\\\/zakari.store\\\/?s={search_term_string}\"},\"query-input\":{\"@type\":\"PropertyValueSpecification\",\"valueRequired\":true,\"valueName\":\"search_term_string\"}}],\"inLanguage\":\"de\"},{\"@type\":\"Organization\",\"@id\":\"https:\\\/\\\/zakari.store\\\/#organization\",\"name\":\"ZAKARI\",\"alternateName\":\"zakari.store\",\"url\":\"https:\\\/\\\/zakari.store\\\/\",\"logo\":{\"@type\":\"ImageObject\",\"inLanguage\":\"de\",\"@id\":\"https:\\\/\\\/zakari.store\\\/#\\\/schema\\\/logo\\\/image\\\/\",\"url\":\"https:\\\/\\\/zakari.store\\\/wp-content\\\/uploads\\\/2024\\\/11\\\/Zakari-logotype.png\",\"contentUrl\":\"https:\\\/\\\/zakari.store\\\/wp-content\\\/uploads\\\/2024\\\/11\\\/Zakari-logotype.png\",\"width\":700,\"height\":700,\"caption\":\"ZAKARI\"},\"image\":{\"@id\":\"https:\\\/\\\/zakari.store\\\/#\\\/schema\\\/logo\\\/image\\\/\"},\"sameAs\":[\"https:\\\/\\\/www.instagram.com\\\/zakari.store\\\/\"]}]}<\/script>\n<!-- \/ Yoast SEO plugin. -->","yoast_head_json":{"title":"Leather Bag SESY - ZAKARI","description":"Discover the Zakari Leather Bag SESY \u2014 handcrafted genuine leather design with adjustable strap, elegant shape, and timeless everyday sophistication.","robots":{"index":"index","follow":"follow","max-snippet":"max-snippet:-1","max-image-preview":"max-image-preview:large","max-video-preview":"max-video-preview:-1"},"canonical":"https:\/\/zakari.store\/de\/produkt\/zakari-leather-bag-sesy\/","og_locale":"de_DE","og_type":"article","og_title":"Leather Bag SESY - ZAKARI","og_description":"Discover the Zakari Leather Bag SESY \u2014 handcrafted genuine leather design with adjustable strap, elegant shape, and timeless everyday sophistication.","og_url":"https:\/\/zakari.store\/de\/produkt\/zakari-leather-bag-sesy\/","og_site_name":"ZAKARI","article_modified_time":"2026-04-02T19:02:29+00:00","og_image":[{"width":1000,"height":1250,"url":"https:\/\/zakari.store\/wp-content\/uploads\/2025\/03\/Leather-Bag-SESY.jpg","type":"image\/jpeg"}],"twitter_card":"summary_large_image","twitter_misc":{"Gesch\u00e4tzte Lesezeit":"2\u00a0Minuten"},"schema":{"@context":"https:\/\/schema.org","@graph":[{"@type":"WebPage","@id":"https:\/\/zakari.store\/product\/zakari-leather-bag-sesy\/","url":"https:\/\/zakari.store\/product\/zakari-leather-bag-sesy\/","name":"Leather Bag SESY - ZAKARI","isPartOf":{"@id":"https:\/\/zakari.store\/#website"},"primaryImageOfPage":{"@id":"https:\/\/zakari.store\/product\/zakari-leather-bag-sesy\/#primaryimage"},"image":{"@id":"https:\/\/zakari.store\/product\/zakari-leather-bag-sesy\/#primaryimage"},"thumbnailUrl":"https:\/\/zakari.store\/wp-content\/uploads\/2025\/03\/Leather-Bag-SESY.jpg","datePublished":"2025-03-20T16:48:27+00:00","dateModified":"2026-04-02T19:02:29+00:00","description":"Discover the Zakari Leather Bag SESY \u2014 handcrafted genuine leather design with adjustable strap, elegant shape, and timeless everyday sophistication.","breadcrumb":{"@id":"https:\/\/zakari.store\/product\/zakari-leather-bag-sesy\/#breadcrumb"},"inLanguage":"de","potentialAction":[{"@type":"ReadAction","target":["https:\/\/zakari.store\/product\/zakari-leather-bag-sesy\/"]}]},{"@type":"ImageObject","inLanguage":"de","@id":"https:\/\/zakari.store\/product\/zakari-leather-bag-sesy\/#primaryimage","url":"https:\/\/zakari.store\/wp-content\/uploads\/2025\/03\/Leather-Bag-SESY.jpg","contentUrl":"https:\/\/zakari.store\/wp-content\/uploads\/2025\/03\/Leather-Bag-SESY.jpg","width":1000,"height":1250,"caption":"Leather Bag SESY"},{"@type":"BreadcrumbList","@id":"https:\/\/zakari.store\/product\/zakari-leather-bag-sesy\/#breadcrumb","itemListElement":[{"@type":"ListItem","position":1,"name":"Home","item":"https:\/\/zakari.store\/"},{"@type":"ListItem","position":2,"name":"Shop","item":"https:\/\/zakari.store\/shop\/"},{"@type":"ListItem","position":3,"name":"Leather Bag SESY"}]},{"@type":"WebSite","@id":"https:\/\/zakari.store\/#website","url":"https:\/\/zakari.store\/","name":"ZAKARI","description":"Step Into Our World","publisher":{"@id":"https:\/\/zakari.store\/#organization"},"alternateName":"zakari.store","potentialAction":[{"@type":"SearchAction","target":{"@type":"EntryPoint","urlTemplate":"https:\/\/zakari.store\/?s={search_term_string}"},"query-input":{"@type":"PropertyValueSpecification","valueRequired":true,"valueName":"search_term_string"}}],"inLanguage":"de"},{"@type":"Organization","@id":"https:\/\/zakari.store\/#organization","name":"ZAKARI","alternateName":"zakari.store","url":"https:\/\/zakari.store\/","logo":{"@type":"ImageObject","inLanguage":"de","@id":"https:\/\/zakari.store\/#\/schema\/logo\/image\/","url":"https:\/\/zakari.store\/wp-content\/uploads\/2024\/11\/Zakari-logotype.png","contentUrl":"https:\/\/zakari.store\/wp-content\/uploads\/2024\/11\/Zakari-logotype.png","width":700,"height":700,"caption":"ZAKARI"},"image":{"@id":"https:\/\/zakari.store\/#\/schema\/logo\/image\/"},"sameAs":["https:\/\/www.instagram.com\/zakari.store\/"]}]}},"_links":{"self":[{"href":"https:\/\/zakari.store\/de\/wp-json\/wp\/v2\/product\/2624","targetHints":{"allow":["GET"]}}],"collection":[{"href":"https:\/\/zakari.store\/de\/wp-json\/wp\/v2\/product"}],"about":[{"href":"https:\/\/zakari.store\/de\/wp-json\/wp\/v2\/types\/product"}],"replies":[{"embeddable":true,"href":"https:\/\/zakari.store\/de\/wp-json\/wp\/v2\/comments?post=2624"}],"wp:featuredmedia":[{"embeddable":true,"href":"https:\/\/zakari.store\/de\/wp-json\/wp\/v2\/media\/10515"}],"wp:attachment":[{"href":"https:\/\/zakari.store\/de\/wp-json\/wp\/v2\/media?parent=2624"}],"wp:term":[{"taxonomy":"product_brand","embeddable":true,"href":"https:\/\/zakari.store\/de\/wp-json\/wp\/v2\/product_brand?post=2624"},{"taxonomy":"product_cat","embeddable":true,"href":"https:\/\/zakari.store\/de\/wp-json\/wp\/v2\/product_cat?post=2624"},{"taxonomy":"product_tag","embeddable":true,"href":"https:\/\/zakari.store\/de\/wp-json\/wp\/v2\/product_tag?post=2624"}],"curies":[{"name":"wp","href":"https:\/\/api.w.org\/{rel}","templated":true}]}}