{"id":2472,"date":"2025-02-18T09:05:49","date_gmt":"2025-02-18T08:05:49","guid":{"rendered":"https:\/\/zakari.store\/?post_type=product&#038;p=2472"},"modified":"2025-11-24T14:31:52","modified_gmt":"2025-11-24T13:31:52","slug":"blach-sunglasses-with-gold-details","status":"publish","type":"product","link":"https:\/\/zakari.store\/de\/produkt\/blach-sunglasses-with-gold-details\/","title":{"rendered":"Schwarze Sonnenbrille mit goldenen Details"},"content":{"rendered":"<h2 data-start=\"103\" data-end=\"143\">Zakari Black Edition Sonnenbrille<\/h2>\n<h3 data-start=\"145\" data-end=\"162\">Beschreibung<\/h3>\n<p data-start=\"163\" data-end=\"537\" class=\"translation-block\">Entdecke die <strong data-start=\"176\" data-end=\"200\">Zakari Black Edition<\/strong>, ein Paar Sonnenbrillen, die m\u00fchelos Eleganz und gewagtes Design vereinen. Hergestellt f\u00fcr diejenigen, die auffallen m\u00f6chten, verf\u00fcgen diese Sonnenbrillen \u00fcber breite B\u00fcgel mit luxuri\u00f6sen Goldakzenten, die deinen Stil veredeln. Ob du durch die Stadt flanierst oder zu einem Sommerurlaub aufbrichst, die Zakari Black Edition ist das ultimative Fashion-Statement.<\/p>\n<hr data-start=\"876\" data-end=\"879\" \/>\n<h3 data-start=\"881\" data-end=\"895\">Vorteile<\/h3>\n<p data-start=\"896\" data-end=\"1213\"><strong data-start=\"898\" data-end=\"916\">Eye Protection<\/strong>: UV400 lenses offer complete protection against harmful UVA\/UVB rays.<br data-start=\"986\" data-end=\"989\" \/><strong data-start=\"991\" data-end=\"1010\">Style &amp; Comfort<\/strong>: A perfect balance of bold aesthetics and comfortable wear.<br data-start=\"1070\" data-end=\"1073\" \/><strong data-start=\"1075\" data-end=\"1096\">Langlebige Materialien<\/strong>: Made to withstand daily use without compromising quality.<br data-start=\"1155\" data-end=\"1158\" \/><strong data-start=\"1160\" data-end=\"1177\">Unisex Design<\/strong>: Suitable for both men and women.<\/p>\n<hr data-start=\"1215\" data-end=\"1218\" \/>\n<h3 data-start=\"1220\" data-end=\"1250\">Technische Spezifikationen<\/h3>\n<ul data-start=\"1251\" data-end=\"1429\">\n<li data-start=\"1251\" data-end=\"1278\">Rahmenmaterial: Acetat<\/li>\n<li data-start=\"1279\" data-end=\"1311\">Lens: Nylon ,100% UVA\/UVB Protection<\/li>\n<li data-start=\"1408\" data-end=\"1429\">Schutz: UV400<\/li>\n<\/ul>\n<hr data-start=\"1431\" data-end=\"1434\" \/>\n<h3 data-start=\"1436\" data-end=\"1459\">Pflegehinweise<\/h3>\n<p data-start=\"1460\" data-end=\"1607\">\u00a0Clean lenses with a soft microfiber cloth.<br data-start=\"1505\" data-end=\"1508\" \/>\u00a0Avoid using chemical cleaners.<br data-start=\"1541\" data-end=\"1544\" \/>\u00a0Store sunglasses in their protective case when not in use.<\/p>\n<hr data-start=\"1609\" data-end=\"1612\" \/>\n<h3 data-start=\"1614\" data-end=\"1637\">Was ist im Lieferumfang enthalten<\/h3>\n<p data-start=\"1638\" data-end=\"1727\">\u00a01 x Zakari Black Edition Sunglasses<br data-start=\"1676\" data-end=\"1679\" \/>\u00a01 x Schutzh\u00fclle<br data-start=\"1701\" data-end=\"1704\" \/>\u00a01 x Cleaning Cloth<\/p>","protected":false},"excerpt":{"rendered":"<p><strong data-start=\"570\" data-end=\"579\">Brand<\/strong>: Zakari<br data-start=\"587\" data-end=\"590\" \/><strong data-start=\"593\" data-end=\"602\">Model<\/strong>Schwarze Edition<br data-start=\"617\" data-end=\"620\" \/><strong data-start=\"623\" data-end=\"638\">Frame Color<\/strong>: Black with Gold Detailing<br data-start=\"665\" data-end=\"668\" \/><strong data-start=\"671\" data-end=\"689\">Rahmenmaterial<\/strong>Premium-Acetatrahmen<br data-start=\"706\" data-end=\"709\" \/><strong data-start=\"712\" data-end=\"725\">Lens Type<\/strong>:\u00a0 Nylon ,100% UVA\/UVB Protection.CAT.3<br data-start=\"792\" data-end=\"795\" \/><strong data-start=\"798\" data-end=\"808\">Gender<\/strong>: Unisex<br data-start=\"816\" data-end=\"819\" \/><strong data-start=\"822\" data-end=\"832\">Gewicht<\/strong>Leicht f\u00fcr ganzt\u00e4gigen Komfort<\/p>","protected":false},"featured_media":10506,"comment_status":"open","ping_status":"closed","template":"","meta":[],"product_brand":[29],"product_cat":[62],"product_tag":[],"class_list":{"0":"post-2472","1":"product","2":"type-product","3":"status-publish","4":"has-post-thumbnail","6":"product_brand-zakari","7":"product_cat-sunglasses","9":"first","10":"instock","11":"shipping-taxable","12":"purchasable","13":"product-type-simple"},"yoast_head":"<!-- This site is optimized with the Yoast SEO plugin v27.3 - https:\/\/yoast.com\/product\/yoast-seo-wordpress\/ -->\n<title>Black sunglasses gold details - ZAKARI<\/title>\n<meta name=\"description\" content=\"Zakari Black Edition sunglasses with black acetate frame and gold details. UV400 lenses offer full UVA\/UVB protection and timeless bold style.\" \/>\n<meta name=\"robots\" content=\"index, follow, max-snippet:-1, max-image-preview:large, max-video-preview:-1\" \/>\n<link rel=\"canonical\" href=\"https:\/\/zakari.store\/de\/produkt\/blach-sunglasses-with-gold-details\/\" \/>\n<meta property=\"og:locale\" content=\"de_DE\" \/>\n<meta property=\"og:type\" content=\"article\" \/>\n<meta property=\"og:title\" content=\"Black sunglasses gold details - ZAKARI\" \/>\n<meta property=\"og:description\" content=\"Zakari Black Edition sunglasses with black acetate frame and gold details. UV400 lenses offer full UVA\/UVB protection and timeless bold style.\" \/>\n<meta property=\"og:url\" content=\"https:\/\/zakari.store\/de\/produkt\/blach-sunglasses-with-gold-details\/\" \/>\n<meta property=\"og:site_name\" content=\"ZAKARI\" \/>\n<meta property=\"article:modified_time\" content=\"2025-11-24T13:31:52+00:00\" \/>\n<meta property=\"og:image\" content=\"https:\/\/zakari.store\/wp-content\/uploads\/2025\/02\/Black-Gold.jpg\" \/>\n\t<meta property=\"og:image:width\" content=\"800\" \/>\n\t<meta property=\"og:image:height\" content=\"800\" \/>\n\t<meta property=\"og:image:type\" content=\"image\/jpeg\" \/>\n<meta name=\"twitter:card\" content=\"summary_large_image\" \/>\n<meta name=\"twitter:label1\" content=\"Gesch\u00e4tzte Lesezeit\" \/>\n\t<meta name=\"twitter:data1\" content=\"1\u00a0Minute\" \/>\n<script type=\"application\/ld+json\" class=\"yoast-schema-graph\">{\"@context\":\"https:\\\/\\\/schema.org\",\"@graph\":[{\"@type\":\"WebPage\",\"@id\":\"https:\\\/\\\/zakari.store\\\/product\\\/blach-sunglasses-with-gold-details\\\/\",\"url\":\"https:\\\/\\\/zakari.store\\\/product\\\/blach-sunglasses-with-gold-details\\\/\",\"name\":\"Black sunglasses gold details - ZAKARI\",\"isPartOf\":{\"@id\":\"https:\\\/\\\/zakari.store\\\/#website\"},\"primaryImageOfPage\":{\"@id\":\"https:\\\/\\\/zakari.store\\\/product\\\/blach-sunglasses-with-gold-details\\\/#primaryimage\"},\"image\":{\"@id\":\"https:\\\/\\\/zakari.store\\\/product\\\/blach-sunglasses-with-gold-details\\\/#primaryimage\"},\"thumbnailUrl\":\"https:\\\/\\\/zakari.store\\\/wp-content\\\/uploads\\\/2025\\\/02\\\/Black-sunglasses-gold-details.jpg\",\"datePublished\":\"2025-02-18T08:05:49+00:00\",\"dateModified\":\"2025-11-24T13:31:52+00:00\",\"description\":\"Zakari Black Edition sunglasses with black acetate frame and gold details. UV400 lenses offer full UVA\\\/UVB protection and timeless bold style.\",\"breadcrumb\":{\"@id\":\"https:\\\/\\\/zakari.store\\\/product\\\/blach-sunglasses-with-gold-details\\\/#breadcrumb\"},\"inLanguage\":\"de\",\"potentialAction\":[{\"@type\":\"ReadAction\",\"target\":[\"https:\\\/\\\/zakari.store\\\/product\\\/blach-sunglasses-with-gold-details\\\/\"]}]},{\"@type\":\"ImageObject\",\"inLanguage\":\"de\",\"@id\":\"https:\\\/\\\/zakari.store\\\/product\\\/blach-sunglasses-with-gold-details\\\/#primaryimage\",\"url\":\"https:\\\/\\\/zakari.store\\\/wp-content\\\/uploads\\\/2025\\\/02\\\/Black-sunglasses-gold-details.jpg\",\"contentUrl\":\"https:\\\/\\\/zakari.store\\\/wp-content\\\/uploads\\\/2025\\\/02\\\/Black-sunglasses-gold-details.jpg\",\"width\":1000,\"height\":1250,\"caption\":\"Black sunglasses gold details\"},{\"@type\":\"BreadcrumbList\",\"@id\":\"https:\\\/\\\/zakari.store\\\/product\\\/blach-sunglasses-with-gold-details\\\/#breadcrumb\",\"itemListElement\":[{\"@type\":\"ListItem\",\"position\":1,\"name\":\"Home\",\"item\":\"https:\\\/\\\/zakari.store\\\/\"},{\"@type\":\"ListItem\",\"position\":2,\"name\":\"Shop\",\"item\":\"https:\\\/\\\/zakari.store\\\/shop\\\/\"},{\"@type\":\"ListItem\",\"position\":3,\"name\":\"Black sunglasses gold details\"}]},{\"@type\":\"WebSite\",\"@id\":\"https:\\\/\\\/zakari.store\\\/#website\",\"url\":\"https:\\\/\\\/zakari.store\\\/\",\"name\":\"ZAKARI\",\"description\":\"Step Into Our World\",\"publisher\":{\"@id\":\"https:\\\/\\\/zakari.store\\\/#organization\"},\"alternateName\":\"zakari.store\",\"potentialAction\":[{\"@type\":\"SearchAction\",\"target\":{\"@type\":\"EntryPoint\",\"urlTemplate\":\"https:\\\/\\\/zakari.store\\\/?s={search_term_string}\"},\"query-input\":{\"@type\":\"PropertyValueSpecification\",\"valueRequired\":true,\"valueName\":\"search_term_string\"}}],\"inLanguage\":\"de\"},{\"@type\":\"Organization\",\"@id\":\"https:\\\/\\\/zakari.store\\\/#organization\",\"name\":\"ZAKARI\",\"alternateName\":\"zakari.store\",\"url\":\"https:\\\/\\\/zakari.store\\\/\",\"logo\":{\"@type\":\"ImageObject\",\"inLanguage\":\"de\",\"@id\":\"https:\\\/\\\/zakari.store\\\/#\\\/schema\\\/logo\\\/image\\\/\",\"url\":\"https:\\\/\\\/zakari.store\\\/wp-content\\\/uploads\\\/2024\\\/11\\\/Zakari-logotype.png\",\"contentUrl\":\"https:\\\/\\\/zakari.store\\\/wp-content\\\/uploads\\\/2024\\\/11\\\/Zakari-logotype.png\",\"width\":700,\"height\":700,\"caption\":\"ZAKARI\"},\"image\":{\"@id\":\"https:\\\/\\\/zakari.store\\\/#\\\/schema\\\/logo\\\/image\\\/\"},\"sameAs\":[\"https:\\\/\\\/www.instagram.com\\\/zakari.store\\\/\"]}]}<\/script>\n<!-- \/ Yoast SEO plugin. -->","yoast_head_json":{"title":"Black sunglasses gold details - ZAKARI","description":"Zakari Black Edition sunglasses with black acetate frame and gold details. UV400 lenses offer full UVA\/UVB protection and timeless bold style.","robots":{"index":"index","follow":"follow","max-snippet":"max-snippet:-1","max-image-preview":"max-image-preview:large","max-video-preview":"max-video-preview:-1"},"canonical":"https:\/\/zakari.store\/de\/produkt\/blach-sunglasses-with-gold-details\/","og_locale":"de_DE","og_type":"article","og_title":"Black sunglasses gold details - ZAKARI","og_description":"Zakari Black Edition sunglasses with black acetate frame and gold details. UV400 lenses offer full UVA\/UVB protection and timeless bold style.","og_url":"https:\/\/zakari.store\/de\/produkt\/blach-sunglasses-with-gold-details\/","og_site_name":"ZAKARI","article_modified_time":"2025-11-24T13:31:52+00:00","og_image":[{"width":800,"height":800,"url":"https:\/\/zakari.store\/wp-content\/uploads\/2025\/02\/Black-Gold.jpg","type":"image\/jpeg"}],"twitter_card":"summary_large_image","twitter_misc":{"Gesch\u00e4tzte Lesezeit":"1\u00a0Minute"},"schema":{"@context":"https:\/\/schema.org","@graph":[{"@type":"WebPage","@id":"https:\/\/zakari.store\/product\/blach-sunglasses-with-gold-details\/","url":"https:\/\/zakari.store\/product\/blach-sunglasses-with-gold-details\/","name":"Black sunglasses gold details - ZAKARI","isPartOf":{"@id":"https:\/\/zakari.store\/#website"},"primaryImageOfPage":{"@id":"https:\/\/zakari.store\/product\/blach-sunglasses-with-gold-details\/#primaryimage"},"image":{"@id":"https:\/\/zakari.store\/product\/blach-sunglasses-with-gold-details\/#primaryimage"},"thumbnailUrl":"https:\/\/zakari.store\/wp-content\/uploads\/2025\/02\/Black-sunglasses-gold-details.jpg","datePublished":"2025-02-18T08:05:49+00:00","dateModified":"2025-11-24T13:31:52+00:00","description":"Zakari Black Edition sunglasses with black acetate frame and gold details. UV400 lenses offer full UVA\/UVB protection and timeless bold style.","breadcrumb":{"@id":"https:\/\/zakari.store\/product\/blach-sunglasses-with-gold-details\/#breadcrumb"},"inLanguage":"de","potentialAction":[{"@type":"ReadAction","target":["https:\/\/zakari.store\/product\/blach-sunglasses-with-gold-details\/"]}]},{"@type":"ImageObject","inLanguage":"de","@id":"https:\/\/zakari.store\/product\/blach-sunglasses-with-gold-details\/#primaryimage","url":"https:\/\/zakari.store\/wp-content\/uploads\/2025\/02\/Black-sunglasses-gold-details.jpg","contentUrl":"https:\/\/zakari.store\/wp-content\/uploads\/2025\/02\/Black-sunglasses-gold-details.jpg","width":1000,"height":1250,"caption":"Black sunglasses gold details"},{"@type":"BreadcrumbList","@id":"https:\/\/zakari.store\/product\/blach-sunglasses-with-gold-details\/#breadcrumb","itemListElement":[{"@type":"ListItem","position":1,"name":"Home","item":"https:\/\/zakari.store\/"},{"@type":"ListItem","position":2,"name":"Shop","item":"https:\/\/zakari.store\/shop\/"},{"@type":"ListItem","position":3,"name":"Black sunglasses gold details"}]},{"@type":"WebSite","@id":"https:\/\/zakari.store\/#website","url":"https:\/\/zakari.store\/","name":"ZAKARI","description":"Step Into Our World","publisher":{"@id":"https:\/\/zakari.store\/#organization"},"alternateName":"zakari.store","potentialAction":[{"@type":"SearchAction","target":{"@type":"EntryPoint","urlTemplate":"https:\/\/zakari.store\/?s={search_term_string}"},"query-input":{"@type":"PropertyValueSpecification","valueRequired":true,"valueName":"search_term_string"}}],"inLanguage":"de"},{"@type":"Organization","@id":"https:\/\/zakari.store\/#organization","name":"ZAKARI","alternateName":"zakari.store","url":"https:\/\/zakari.store\/","logo":{"@type":"ImageObject","inLanguage":"de","@id":"https:\/\/zakari.store\/#\/schema\/logo\/image\/","url":"https:\/\/zakari.store\/wp-content\/uploads\/2024\/11\/Zakari-logotype.png","contentUrl":"https:\/\/zakari.store\/wp-content\/uploads\/2024\/11\/Zakari-logotype.png","width":700,"height":700,"caption":"ZAKARI"},"image":{"@id":"https:\/\/zakari.store\/#\/schema\/logo\/image\/"},"sameAs":["https:\/\/www.instagram.com\/zakari.store\/"]}]}},"_links":{"self":[{"href":"https:\/\/zakari.store\/de\/wp-json\/wp\/v2\/product\/2472","targetHints":{"allow":["GET"]}}],"collection":[{"href":"https:\/\/zakari.store\/de\/wp-json\/wp\/v2\/product"}],"about":[{"href":"https:\/\/zakari.store\/de\/wp-json\/wp\/v2\/types\/product"}],"replies":[{"embeddable":true,"href":"https:\/\/zakari.store\/de\/wp-json\/wp\/v2\/comments?post=2472"}],"wp:featuredmedia":[{"embeddable":true,"href":"https:\/\/zakari.store\/de\/wp-json\/wp\/v2\/media\/10506"}],"wp:attachment":[{"href":"https:\/\/zakari.store\/de\/wp-json\/wp\/v2\/media?parent=2472"}],"wp:term":[{"taxonomy":"product_brand","embeddable":true,"href":"https:\/\/zakari.store\/de\/wp-json\/wp\/v2\/product_brand?post=2472"},{"taxonomy":"product_cat","embeddable":true,"href":"https:\/\/zakari.store\/de\/wp-json\/wp\/v2\/product_cat?post=2472"},{"taxonomy":"product_tag","embeddable":true,"href":"https:\/\/zakari.store\/de\/wp-json\/wp\/v2\/product_tag?post=2472"}],"curies":[{"name":"wp","href":"https:\/\/api.w.org\/{rel}","templated":true}]}}