{"id":2682,"date":"2025-04-22T18:40:45","date_gmt":"2025-04-22T16:40:45","guid":{"rendered":"https:\/\/zakari.store\/?page_id=2682"},"modified":"2025-04-22T18:40:45","modified_gmt":"2025-04-22T16:40:45","slug":"disclaimer","status":"publish","type":"page","link":"https:\/\/zakari.store\/de\/disclaimer\/","title":{"rendered":"Haftungsausschluss"},"content":{"rendered":"<p>Die auf dieser Website bereitgestellten Informationen und Materialien dienen nur zu allgemeinen Informationszwecken und stellen keine Rechtsberatung dar.<br data-start=\"4735\" data-end=\"4738\" \/>Obwohl wir alle Anstrengungen unternehmen, um sicherzustellen, dass die Informationen auf unserer Website genau und aktuell sind, \u00fcbernehmen wir keinerlei Gew\u00e4hrleistung, weder ausdr\u00fccklich noch stillschweigend, hinsichtlich der Vollst\u00e4ndigkeit, Genauigkeit, Zuverl\u00e4ssigkeit oder Verf\u00fcgbarkeit des Website-Inhalts.<br data-start=\"4983\" data-end=\"4986\" \/>Wir \u00fcbernehmen keine Haftung f\u00fcr Verluste oder Sch\u00e4den, die aus dem Vertrauen auf Informationen entstehen, die auf dieser Website enthalten sind.<br data-start=\"5101\" data-end=\"5104\" \/>F\u00fcr rechtliche Beratung in Bezug auf spezifische Umst\u00e4nde wird den Kunden empfohlen, einen qualifizierten Rechtsanwalt zu Rate zu ziehen.<\/p>","protected":false},"excerpt":{"rendered":"<p>The information and materials provided on this website are for general informational purposes only and do not constitute legal advice.Although<\/p>","protected":false},"author":4,"featured_media":0,"parent":0,"menu_order":0,"comment_status":"closed","ping_status":"closed","template":"","meta":{"footnotes":""},"class_list":["post-2682","page","type-page","status-publish","hentry"],"yoast_head":"<!-- This site is optimized with the Yoast SEO plugin v27.3 - https:\/\/yoast.com\/product\/yoast-seo-wordpress\/ -->\n<title>Disclaimer - ZAKARI<\/title>\n<meta name=\"robots\" content=\"index, follow, max-snippet:-1, max-image-preview:large, max-video-preview:-1\" \/>\n<link rel=\"canonical\" href=\"https:\/\/zakari.store\/de\/disclaimer\/\" \/>\n<meta property=\"og:locale\" content=\"de_DE\" \/>\n<meta property=\"og:type\" content=\"article\" \/>\n<meta property=\"og:title\" content=\"Disclaimer - ZAKARI\" \/>\n<meta property=\"og:description\" content=\"The information and materials provided on this website are for general informational purposes only and do not constitute legal advice.Although\" \/>\n<meta property=\"og:url\" content=\"https:\/\/zakari.store\/de\/disclaimer\/\" \/>\n<meta property=\"og:site_name\" content=\"ZAKARI\" \/>\n<meta property=\"og:image\" content=\"https:\/\/zakari.store\/wp-content\/uploads\/2024\/11\/Zakari-logotype.png\" \/>\n\t<meta property=\"og:image:width\" content=\"700\" \/>\n\t<meta property=\"og:image:height\" content=\"700\" \/>\n\t<meta property=\"og:image:type\" content=\"image\/png\" \/>\n<meta name=\"twitter:card\" content=\"summary_large_image\" \/>\n<script type=\"application\/ld+json\" class=\"yoast-schema-graph\">{\"@context\":\"https:\\\/\\\/schema.org\",\"@graph\":[{\"@type\":\"WebPage\",\"@id\":\"https:\\\/\\\/zakari.store\\\/disclaimer\\\/\",\"url\":\"https:\\\/\\\/zakari.store\\\/disclaimer\\\/\",\"name\":\"Disclaimer - ZAKARI\",\"isPartOf\":{\"@id\":\"https:\\\/\\\/zakari.store\\\/#website\"},\"datePublished\":\"2025-04-22T16:40:45+00:00\",\"breadcrumb\":{\"@id\":\"https:\\\/\\\/zakari.store\\\/disclaimer\\\/#breadcrumb\"},\"inLanguage\":\"de\",\"potentialAction\":[{\"@type\":\"ReadAction\",\"target\":[\"https:\\\/\\\/zakari.store\\\/disclaimer\\\/\"]}]},{\"@type\":\"BreadcrumbList\",\"@id\":\"https:\\\/\\\/zakari.store\\\/disclaimer\\\/#breadcrumb\",\"itemListElement\":[{\"@type\":\"ListItem\",\"position\":1,\"name\":\"Home\",\"item\":\"https:\\\/\\\/zakari.store\\\/\"},{\"@type\":\"ListItem\",\"position\":2,\"name\":\"Disclaimer\"}]},{\"@type\":\"WebSite\",\"@id\":\"https:\\\/\\\/zakari.store\\\/#website\",\"url\":\"https:\\\/\\\/zakari.store\\\/\",\"name\":\"ZAKARI\",\"description\":\"Step Into Our World\",\"publisher\":{\"@id\":\"https:\\\/\\\/zakari.store\\\/#organization\"},\"alternateName\":\"zakari.store\",\"potentialAction\":[{\"@type\":\"SearchAction\",\"target\":{\"@type\":\"EntryPoint\",\"urlTemplate\":\"https:\\\/\\\/zakari.store\\\/?s={search_term_string}\"},\"query-input\":{\"@type\":\"PropertyValueSpecification\",\"valueRequired\":true,\"valueName\":\"search_term_string\"}}],\"inLanguage\":\"de\"},{\"@type\":\"Organization\",\"@id\":\"https:\\\/\\\/zakari.store\\\/#organization\",\"name\":\"ZAKARI\",\"alternateName\":\"zakari.store\",\"url\":\"https:\\\/\\\/zakari.store\\\/\",\"logo\":{\"@type\":\"ImageObject\",\"inLanguage\":\"de\",\"@id\":\"https:\\\/\\\/zakari.store\\\/#\\\/schema\\\/logo\\\/image\\\/\",\"url\":\"https:\\\/\\\/zakari.store\\\/wp-content\\\/uploads\\\/2024\\\/11\\\/Zakari-logotype.png\",\"contentUrl\":\"https:\\\/\\\/zakari.store\\\/wp-content\\\/uploads\\\/2024\\\/11\\\/Zakari-logotype.png\",\"width\":700,\"height\":700,\"caption\":\"ZAKARI\"},\"image\":{\"@id\":\"https:\\\/\\\/zakari.store\\\/#\\\/schema\\\/logo\\\/image\\\/\"},\"sameAs\":[\"https:\\\/\\\/www.instagram.com\\\/zakari.store\\\/\"]}]}<\/script>\n<!-- \/ Yoast SEO plugin. -->","yoast_head_json":{"title":"Disclaimer - ZAKARI","robots":{"index":"index","follow":"follow","max-snippet":"max-snippet:-1","max-image-preview":"max-image-preview:large","max-video-preview":"max-video-preview:-1"},"canonical":"https:\/\/zakari.store\/de\/disclaimer\/","og_locale":"de_DE","og_type":"article","og_title":"Disclaimer - ZAKARI","og_description":"The information and materials provided on this website are for general informational purposes only and do not constitute legal advice.Although","og_url":"https:\/\/zakari.store\/de\/disclaimer\/","og_site_name":"ZAKARI","og_image":[{"width":700,"height":700,"url":"https:\/\/zakari.store\/wp-content\/uploads\/2024\/11\/Zakari-logotype.png","type":"image\/png"}],"twitter_card":"summary_large_image","schema":{"@context":"https:\/\/schema.org","@graph":[{"@type":"WebPage","@id":"https:\/\/zakari.store\/disclaimer\/","url":"https:\/\/zakari.store\/disclaimer\/","name":"Disclaimer - ZAKARI","isPartOf":{"@id":"https:\/\/zakari.store\/#website"},"datePublished":"2025-04-22T16:40:45+00:00","breadcrumb":{"@id":"https:\/\/zakari.store\/disclaimer\/#breadcrumb"},"inLanguage":"de","potentialAction":[{"@type":"ReadAction","target":["https:\/\/zakari.store\/disclaimer\/"]}]},{"@type":"BreadcrumbList","@id":"https:\/\/zakari.store\/disclaimer\/#breadcrumb","itemListElement":[{"@type":"ListItem","position":1,"name":"Home","item":"https:\/\/zakari.store\/"},{"@type":"ListItem","position":2,"name":"Disclaimer"}]},{"@type":"WebSite","@id":"https:\/\/zakari.store\/#website","url":"https:\/\/zakari.store\/","name":"ZAKARI","description":"Step Into Our World","publisher":{"@id":"https:\/\/zakari.store\/#organization"},"alternateName":"zakari.store","potentialAction":[{"@type":"SearchAction","target":{"@type":"EntryPoint","urlTemplate":"https:\/\/zakari.store\/?s={search_term_string}"},"query-input":{"@type":"PropertyValueSpecification","valueRequired":true,"valueName":"search_term_string"}}],"inLanguage":"de"},{"@type":"Organization","@id":"https:\/\/zakari.store\/#organization","name":"ZAKARI","alternateName":"zakari.store","url":"https:\/\/zakari.store\/","logo":{"@type":"ImageObject","inLanguage":"de","@id":"https:\/\/zakari.store\/#\/schema\/logo\/image\/","url":"https:\/\/zakari.store\/wp-content\/uploads\/2024\/11\/Zakari-logotype.png","contentUrl":"https:\/\/zakari.store\/wp-content\/uploads\/2024\/11\/Zakari-logotype.png","width":700,"height":700,"caption":"ZAKARI"},"image":{"@id":"https:\/\/zakari.store\/#\/schema\/logo\/image\/"},"sameAs":["https:\/\/www.instagram.com\/zakari.store\/"]}]}},"_links":{"self":[{"href":"https:\/\/zakari.store\/de\/wp-json\/wp\/v2\/pages\/2682","targetHints":{"allow":["GET"]}}],"collection":[{"href":"https:\/\/zakari.store\/de\/wp-json\/wp\/v2\/pages"}],"about":[{"href":"https:\/\/zakari.store\/de\/wp-json\/wp\/v2\/types\/page"}],"author":[{"embeddable":true,"href":"https:\/\/zakari.store\/de\/wp-json\/wp\/v2\/users\/4"}],"replies":[{"embeddable":true,"href":"https:\/\/zakari.store\/de\/wp-json\/wp\/v2\/comments?post=2682"}],"version-history":[{"count":1,"href":"https:\/\/zakari.store\/de\/wp-json\/wp\/v2\/pages\/2682\/revisions"}],"predecessor-version":[{"id":2683,"href":"https:\/\/zakari.store\/de\/wp-json\/wp\/v2\/pages\/2682\/revisions\/2683"}],"wp:attachment":[{"href":"https:\/\/zakari.store\/de\/wp-json\/wp\/v2\/media?parent=2682"}],"curies":[{"name":"wp","href":"https:\/\/api.w.org\/{rel}","templated":true}]}}