{"id":2667,"date":"2025-04-22T17:14:39","date_gmt":"2025-04-22T15:14:39","guid":{"rendered":"https:\/\/zakari.store\/?page_id=2667"},"modified":"2025-04-22T17:22:00","modified_gmt":"2025-04-22T15:22:00","slug":"privacy-policy-2","status":"publish","type":"page","link":"https:\/\/zakari.store\/de\/privacy-policy-2\/","title":{"rendered":"Datenschutzerkl\u00e4rung"},"content":{"rendered":"<p>Datenschutz<br \/>\nIhre Privatsph\u00e4re und die Sicherheit Ihrer personenbezogenen Daten sind f\u00fcr uns von gr\u00f6\u00dfter Bedeutung. Wir verarbeiten Ihre personenbezogenen Daten in \u00dcbereinstimmung mit der Datenschutz-Grundverordnung (EU) 2016\/679 (DSGVO).<\/p>\n<p>Erhobene Daten<br \/>\nWir erheben nur Daten, die erforderlich sind, um Ihre Bestellung auszuf\u00fchren, Kundensupport bereitzustellen und gesetzlichen Verpflichtungen nachzukommen.<\/p>\n<p>Verwendung der Daten<br \/>\nIhre personenbezogenen Daten werden ausschlie\u00dflich verwendet f\u00fcr:<br \/>\n\u2013 Auftragsabwicklung und Lieferung.<br \/>\n\u2013 Kundenkommunikation im Zusammenhang mit Bestellungen.<br \/>\n\u2013 Einhaltung gesetzlicher Anforderungen.<\/p>\n<p>Weitergabe an Dritte<br \/>\nWir geben Ihre Daten nur an Dritte weiter, wenn dies zur Erf\u00fcllung Ihrer Bestellungen erforderlich ist (z. B. Logistikdienstleister, Zahlungsabwickler).<\/p>\n<p>Ihre Rechte<br \/>\nSie haben das Recht, Zugang zu Ihren personenbezogenen Daten zu verlangen, Unrichtigkeiten zu korrigieren, die L\u00f6schung zu beantragen, die Verarbeitung einzuschr\u00e4nken und der Datenverarbeitung gem\u00e4\u00df der DSGVO zu widersprechen.<\/p>\n<p>Cookies<br \/>\nDiese Website verwendet Cookies, um Ihre Benutzererfahrung zu verbessern. Sie k\u00f6nnen Ihre Cookie-Einstellungen jederzeit \u00fcber die Einstellungen Ihres Browsers verwalten.<\/p>\n<hr class=\"\" data-start=\"4016\" data-end=\"4019\" \/>\n<p class=\"\" data-start=\"4021\" data-end=\"4187\">","protected":false},"excerpt":{"rendered":"<p>**Data Protection** Your privacy and the security of your personal data are of utmost importance to us. We process your<\/p>","protected":false},"author":4,"featured_media":0,"parent":0,"menu_order":0,"comment_status":"closed","ping_status":"closed","template":"","meta":{"footnotes":""},"class_list":["post-2667","page","type-page","status-publish","hentry"],"yoast_head":"<!-- This site is optimized with the Yoast SEO plugin v27.3 - https:\/\/yoast.com\/product\/yoast-seo-wordpress\/ -->\n<title>Privacy Policy - ZAKARI<\/title>\n<meta name=\"robots\" content=\"index, follow, max-snippet:-1, max-image-preview:large, max-video-preview:-1\" \/>\n<link rel=\"canonical\" href=\"https:\/\/zakari.store\/de\/privacy-policy-2\/\" \/>\n<meta property=\"og:locale\" content=\"de_DE\" \/>\n<meta property=\"og:type\" content=\"article\" \/>\n<meta property=\"og:title\" content=\"Privacy Policy - ZAKARI\" \/>\n<meta property=\"og:description\" content=\"**Data Protection** Your privacy and the security of your personal data are of utmost importance to us. We process your\" \/>\n<meta property=\"og:url\" content=\"https:\/\/zakari.store\/de\/privacy-policy-2\/\" \/>\n<meta property=\"og:site_name\" content=\"ZAKARI\" \/>\n<meta property=\"article:modified_time\" content=\"2025-04-22T15:22:00+00:00\" \/>\n<meta property=\"og:image\" content=\"https:\/\/zakari.store\/wp-content\/uploads\/2024\/11\/Zakari-logotype.png\" \/>\n\t<meta property=\"og:image:width\" content=\"700\" \/>\n\t<meta property=\"og:image:height\" content=\"700\" \/>\n\t<meta property=\"og:image:type\" content=\"image\/png\" \/>\n<meta name=\"twitter:card\" content=\"summary_large_image\" \/>\n<meta name=\"twitter:label1\" content=\"Gesch\u00e4tzte Lesezeit\" \/>\n\t<meta name=\"twitter:data1\" content=\"1\u00a0Minute\" \/>\n<script type=\"application\/ld+json\" class=\"yoast-schema-graph\">{\"@context\":\"https:\\\/\\\/schema.org\",\"@graph\":[{\"@type\":\"WebPage\",\"@id\":\"https:\\\/\\\/zakari.store\\\/privacy-policy-2\\\/\",\"url\":\"https:\\\/\\\/zakari.store\\\/privacy-policy-2\\\/\",\"name\":\"Privacy Policy - ZAKARI\",\"isPartOf\":{\"@id\":\"https:\\\/\\\/zakari.store\\\/#website\"},\"datePublished\":\"2025-04-22T15:14:39+00:00\",\"dateModified\":\"2025-04-22T15:22:00+00:00\",\"breadcrumb\":{\"@id\":\"https:\\\/\\\/zakari.store\\\/privacy-policy-2\\\/#breadcrumb\"},\"inLanguage\":\"de\",\"potentialAction\":[{\"@type\":\"ReadAction\",\"target\":[\"https:\\\/\\\/zakari.store\\\/privacy-policy-2\\\/\"]}]},{\"@type\":\"BreadcrumbList\",\"@id\":\"https:\\\/\\\/zakari.store\\\/privacy-policy-2\\\/#breadcrumb\",\"itemListElement\":[{\"@type\":\"ListItem\",\"position\":1,\"name\":\"Home\",\"item\":\"https:\\\/\\\/zakari.store\\\/\"},{\"@type\":\"ListItem\",\"position\":2,\"name\":\"Privacy Policy\"}]},{\"@type\":\"WebSite\",\"@id\":\"https:\\\/\\\/zakari.store\\\/#website\",\"url\":\"https:\\\/\\\/zakari.store\\\/\",\"name\":\"ZAKARI\",\"description\":\"Step Into Our World\",\"publisher\":{\"@id\":\"https:\\\/\\\/zakari.store\\\/#organization\"},\"alternateName\":\"zakari.store\",\"potentialAction\":[{\"@type\":\"SearchAction\",\"target\":{\"@type\":\"EntryPoint\",\"urlTemplate\":\"https:\\\/\\\/zakari.store\\\/?s={search_term_string}\"},\"query-input\":{\"@type\":\"PropertyValueSpecification\",\"valueRequired\":true,\"valueName\":\"search_term_string\"}}],\"inLanguage\":\"de\"},{\"@type\":\"Organization\",\"@id\":\"https:\\\/\\\/zakari.store\\\/#organization\",\"name\":\"ZAKARI\",\"alternateName\":\"zakari.store\",\"url\":\"https:\\\/\\\/zakari.store\\\/\",\"logo\":{\"@type\":\"ImageObject\",\"inLanguage\":\"de\",\"@id\":\"https:\\\/\\\/zakari.store\\\/#\\\/schema\\\/logo\\\/image\\\/\",\"url\":\"https:\\\/\\\/zakari.store\\\/wp-content\\\/uploads\\\/2024\\\/11\\\/Zakari-logotype.png\",\"contentUrl\":\"https:\\\/\\\/zakari.store\\\/wp-content\\\/uploads\\\/2024\\\/11\\\/Zakari-logotype.png\",\"width\":700,\"height\":700,\"caption\":\"ZAKARI\"},\"image\":{\"@id\":\"https:\\\/\\\/zakari.store\\\/#\\\/schema\\\/logo\\\/image\\\/\"},\"sameAs\":[\"https:\\\/\\\/www.instagram.com\\\/zakari.store\\\/\"]}]}<\/script>\n<!-- \/ Yoast SEO plugin. -->","yoast_head_json":{"title":"Privacy Policy - ZAKARI","robots":{"index":"index","follow":"follow","max-snippet":"max-snippet:-1","max-image-preview":"max-image-preview:large","max-video-preview":"max-video-preview:-1"},"canonical":"https:\/\/zakari.store\/de\/privacy-policy-2\/","og_locale":"de_DE","og_type":"article","og_title":"Privacy Policy - ZAKARI","og_description":"**Data Protection** Your privacy and the security of your personal data are of utmost importance to us. We process your","og_url":"https:\/\/zakari.store\/de\/privacy-policy-2\/","og_site_name":"ZAKARI","article_modified_time":"2025-04-22T15:22:00+00:00","og_image":[{"width":700,"height":700,"url":"https:\/\/zakari.store\/wp-content\/uploads\/2024\/11\/Zakari-logotype.png","type":"image\/png"}],"twitter_card":"summary_large_image","twitter_misc":{"Gesch\u00e4tzte Lesezeit":"1\u00a0Minute"},"schema":{"@context":"https:\/\/schema.org","@graph":[{"@type":"WebPage","@id":"https:\/\/zakari.store\/privacy-policy-2\/","url":"https:\/\/zakari.store\/privacy-policy-2\/","name":"Privacy Policy - ZAKARI","isPartOf":{"@id":"https:\/\/zakari.store\/#website"},"datePublished":"2025-04-22T15:14:39+00:00","dateModified":"2025-04-22T15:22:00+00:00","breadcrumb":{"@id":"https:\/\/zakari.store\/privacy-policy-2\/#breadcrumb"},"inLanguage":"de","potentialAction":[{"@type":"ReadAction","target":["https:\/\/zakari.store\/privacy-policy-2\/"]}]},{"@type":"BreadcrumbList","@id":"https:\/\/zakari.store\/privacy-policy-2\/#breadcrumb","itemListElement":[{"@type":"ListItem","position":1,"name":"Home","item":"https:\/\/zakari.store\/"},{"@type":"ListItem","position":2,"name":"Privacy Policy"}]},{"@type":"WebSite","@id":"https:\/\/zakari.store\/#website","url":"https:\/\/zakari.store\/","name":"ZAKARI","description":"Step Into Our World","publisher":{"@id":"https:\/\/zakari.store\/#organization"},"alternateName":"zakari.store","potentialAction":[{"@type":"SearchAction","target":{"@type":"EntryPoint","urlTemplate":"https:\/\/zakari.store\/?s={search_term_string}"},"query-input":{"@type":"PropertyValueSpecification","valueRequired":true,"valueName":"search_term_string"}}],"inLanguage":"de"},{"@type":"Organization","@id":"https:\/\/zakari.store\/#organization","name":"ZAKARI","alternateName":"zakari.store","url":"https:\/\/zakari.store\/","logo":{"@type":"ImageObject","inLanguage":"de","@id":"https:\/\/zakari.store\/#\/schema\/logo\/image\/","url":"https:\/\/zakari.store\/wp-content\/uploads\/2024\/11\/Zakari-logotype.png","contentUrl":"https:\/\/zakari.store\/wp-content\/uploads\/2024\/11\/Zakari-logotype.png","width":700,"height":700,"caption":"ZAKARI"},"image":{"@id":"https:\/\/zakari.store\/#\/schema\/logo\/image\/"},"sameAs":["https:\/\/www.instagram.com\/zakari.store\/"]}]}},"_links":{"self":[{"href":"https:\/\/zakari.store\/de\/wp-json\/wp\/v2\/pages\/2667","targetHints":{"allow":["GET"]}}],"collection":[{"href":"https:\/\/zakari.store\/de\/wp-json\/wp\/v2\/pages"}],"about":[{"href":"https:\/\/zakari.store\/de\/wp-json\/wp\/v2\/types\/page"}],"author":[{"embeddable":true,"href":"https:\/\/zakari.store\/de\/wp-json\/wp\/v2\/users\/4"}],"replies":[{"embeddable":true,"href":"https:\/\/zakari.store\/de\/wp-json\/wp\/v2\/comments?post=2667"}],"version-history":[{"count":3,"href":"https:\/\/zakari.store\/de\/wp-json\/wp\/v2\/pages\/2667\/revisions"}],"predecessor-version":[{"id":2670,"href":"https:\/\/zakari.store\/de\/wp-json\/wp\/v2\/pages\/2667\/revisions\/2670"}],"wp:attachment":[{"href":"https:\/\/zakari.store\/de\/wp-json\/wp\/v2\/media?parent=2667"}],"curies":[{"name":"wp","href":"https:\/\/api.w.org\/{rel}","templated":true}]}}